{"id":394,"date":"2020-09-22T17:45:53","date_gmt":"2020-09-22T17:45:53","guid":{"rendered":"http:\/\/atze.de\/?page_id=394"},"modified":"2020-09-22T20:23:02","modified_gmt":"2020-09-22T20:23:02","slug":"lieblingszitate-und-schoene-sprueche","status":"publish","type":"page","link":"http:\/\/atze.de\/?page_id=394","title":{"rendered":"Lieblings -Zitate -Spr\u00fcche"},"content":{"rendered":"\n<p><\/p>\n\n\n\n<p><em>Einen Versuch wagen und dabei scheitern bringt zumindest einen Gewinn an Wissen und Erfahrung. Nichts riskieren dagegen hei\u00dft einen nicht absch\u00e4tzbaren Verlust auf sich nehmen &#8211; den Verlust des Gewinns, den das Wagnis m\u00f6glicherweise eingebracht h\u00e4tte.<\/em><\/p>\n\n\n\n<p>[Chester Barnard]<\/p>\n\n\n\n<p>&#8212;&#8212;&#8212;&#8212;&#8212;&#8212;&#8212;&#8212;&#8212;&#8212;&#8212;&#8212;&#8212;&#8212;&#8212;&#8212;&#8212;&#8212;&#8212;&#8212;&#8212;&#8212;&#8212;&#8212;&#8212;&#8212;&#8212;&#8212;&#8212;&#8212;&#8212;&#8212;&#8212;&#8212;&#8212;&#8212;&#8211;<\/p>\n\n\n\n<blockquote class=\"wp-block-quote is-layout-flow wp-block-quote-is-layout-flow\"><p>Die ersten 10 000 Aufnahmen sind die schlechtesten.<\/p><p> [Helmut Newton]<\/p><p>&#8212;&#8212;&#8212;&#8212;&#8212;&#8212;&#8212;&#8212;&#8212;&#8212;&#8212;&#8212;&#8212;&#8212;&#8212;&#8212;&#8212;&#8212;&#8212;&#8212;&#8212;&#8212;&#8212;&#8212;&#8212;&#8212;&#8212;&#8212;&#8212;&#8212;&#8212;&#8212;&#8211;<\/p><\/blockquote>\n\n\n\n<p><strong>WENN ICH W\u00dcSSTE<\/strong><\/p>\n\n\n\n<p>Wenn ich w\u00fcsste, dass es das letzte Mal ist, dass ich Dich einschlafen sehe,<\/p>\n\n\n\n<p>w\u00fcrde ich Dich besser zudecken, und zu Gott beten, er m\u00f6ge Deine Seele sch\u00fctzen.<\/p>\n\n\n\n<p>Wenn ich w\u00fcsste, dass es das letzte Mal ist, dass ich Dich zur T\u00fcre rausgehen sehe, w\u00fcrde ich Dich umarmen und k\u00fcssen und Dich f\u00fcr einen weiteren Kuss zur\u00fcckrufen.<\/p>\n\n\n\n<p>Wenn ich w\u00fcsste, dass es das letzte Mal ist, dass ich Deine Stimme h\u00f6re,<\/p>\n\n\n\n<p>w\u00fcrde ich jede Geste und jedes Wort auf Video aufzeichnen,<\/p>\n\n\n\n<p>damit ich sie Tag f\u00fcr Tag wieder sehen k\u00f6nnte.<\/p>\n\n\n\n<p>Wenn ich w\u00fcsste, dass es das letzte Mal ist, dass ich einen Moment innehalten kann, um zu sagen &#8222;Ich liebe Dich&#8220; anstatt davon auszugehen, dass Du wei\u00dft, dass ich Dich liebe.<\/p>\n\n\n\n<p>Wenn ich w\u00fcsste, dass es das letzte Mal ist, dass ich da sein kann, um den Tag mit Dir zu teilen, weil ich sicher bin, dass es noch manchen Tag geben wird,<\/p>\n\n\n\n<p>so dass ich diesen einen verstreichen lassen kann.<\/p>\n\n\n\n<p>Es gibt sicherlich immer ein &#8222;morgen&#8220; um ein &#8222;Versehen\/Irrtum&#8220; zu begehen<\/p>\n\n\n\n<p>und wir erhalten immer eine 2. Chance um einfach alles in Ordnung zu bringen.<\/p>\n\n\n\n<p>Es wird immer einen anderen Tag geben, um zu sagen &#8222;ich liebe Dich&#8220;.<\/p>\n\n\n\n<p>Und es gibt sicher eine weitere Chance um zu sagen: &#8222;Kann ich etwas f\u00fcr Dich tun?&#8220;<\/p>\n\n\n\n<p>Aber nur f\u00fcr den Fall, dass ich falsch liegen sollte und es bleibt nur der heutige Tag m\u00f6chte ich Dir sagen, wie sehr ich Dich liebe.<\/p>\n\n\n\n<p>Und ich hoffe, dass wir nie vergessen:<\/p>\n\n\n\n<p>Das &#8222;Morgen&#8220; ist niemandem versprochen, weder jung noch alt<\/p>\n\n\n\n<p>und heute k\u00f6nnte die letzte Chance sein die Du hast, um Deine Lieben festzuhalten.<\/p>\n\n\n\n<p>Also, wenn Du auf Morgen wartest, wieso tust Du&#8217;s nicht heute?<\/p>\n\n\n\n<p>Falls das &#8222;Morgen&#8220; niemals kommt wirst Du bestimmt bereuen,<\/p>\n\n\n\n<p>dass Du Dir keine Zeit genommen hast, f\u00fcr ein L\u00e4cheln, eine Umarmung oder einen Kuss und Du zu besch\u00e4ftigt warst, um jemanden etwas zuzugestehen, was sich im Nachhinein als sein letzter Wunsch herausstellt.<\/p>\n\n\n\n<p>Halte Deine Lieben heute ganz fest und fl\u00fcstere ihnen ins Ohr, sag&#8216; ihnen, wie sehr Du sie liebst und dass Du sie immer lieben wirst.<\/p>\n\n\n\n<p>Nimm Dir die Zeit zu sagen &#8222;Es tut mir leid&#8220;, &#8222;Bitte verzeih&#8216; mir&#8220;, &#8222;Danke&#8220;, oder &#8222;Ist in Ordnung&#8220;.<\/p>\n\n\n\n<p><strong>Und wenn es kein &#8222;Morgen&#8220; gibt musst Du den heutigen Tag nicht bereuen.<\/strong><\/p>\n\n\n\n<p>[Verfasser unbekannt, zum Andenken an die Opfer von \u201enine eleven\u201c]<\/p>\n\n\n\n<hr class=\"wp-block-separator\"\/>\n\n\n\n<blockquote class=\"wp-block-quote is-layout-flow wp-block-quote-is-layout-flow\"><p>Die h\u00f6chste Aufgabe des Menschen ist zu wissen, was einer sein muss, um ein Mensch zu sein.<\/p><p>&nbsp;(Immanuel Kant)<\/p><cite>&#8212;&#8212;&#8212;&#8212;&#8212;&#8212;&#8212;&#8212;&#8212;&#8212;&#8212;&#8212;&#8212;&#8212;&#8212;&#8212;&#8212;&#8212;&#8212;&#8212;&#8212;&#8212;&#8212;&#8212;&#8212;&#8212;&#8212;&#8212;&#8212;&#8212;&#8212;&#8212;&#8212;&#8212;&#8212;&#8212;&#8212;&#8212;&#8212;&#8212;&#8212;&#8212;&#8212;&#8212;&#8212;-<\/cite><\/blockquote>\n\n\n\n<p><\/p>\n\n\n\n<p><\/p>\n","protected":false},"excerpt":{"rendered":"<p>Einen Versuch wagen und dabei scheitern bringt zumindest einen Gewinn an Wissen und Erfahrung. Nichts riskieren dagegen hei\u00dft einen nicht absch\u00e4tzbaren Verlust auf sich nehmen &#8211; den Verlust des Gewinns, den das Wagnis m\u00f6glicherweise eingebracht h\u00e4tte. [Chester Barnard] &#8212;&#8212;&#8212;&#8212;&#8212;&#8212;&#8212;&#8212;&#8212;&#8212;&#8212;&#8212;&#8212;&#8212;&#8212;&#8212;&#8212;&#8212;&#8212;&#8212;&#8212;&#8212;&#8212;&#8212;&#8212;&#8212;&#8212;&#8212;&#8212;&#8212;&#8212;&#8212;&#8212;&#8212;&#8212;&#8212;&#8211; Die ersten 10 000 Aufnahmen sind die schlechtesten. [Helmut Newton] &#8212;&#8212;&#8212;&#8212;&#8212;&#8212;&#8212;&#8212;&#8212;&#8212;&#8212;&#8212;&#8212;&#8212;&#8212;&#8212;&#8212;&#8212;&#8212;&#8212;&#8212;&#8212;&#8212;&#8212;&#8212;&#8212;&#8212;&#8212;&#8212;&#8212;&#8212;&#8212;&#8211; WENN ICH W\u00dcSSTE Wenn ich &hellip; <\/p>\n<p class=\"link-more\"><a href=\"http:\/\/atze.de\/?page_id=394\" class=\"more-link\"><span class=\"screen-reader-text\">\u201eLieblings -Zitate -Spr\u00fcche\u201c <\/span>weiterlesen<\/a><\/p>\n","protected":false},"author":1,"featured_media":0,"parent":0,"menu_order":0,"comment_status":"closed","ping_status":"closed","template":"","meta":{"ngg_post_thumbnail":0,"footnotes":""},"class_list":["post-394","page","type-page","status-publish","hentry"],"_links":{"self":[{"href":"http:\/\/atze.de\/index.php?rest_route=\/wp\/v2\/pages\/394","targetHints":{"allow":["GET"]}}],"collection":[{"href":"http:\/\/atze.de\/index.php?rest_route=\/wp\/v2\/pages"}],"about":[{"href":"http:\/\/atze.de\/index.php?rest_route=\/wp\/v2\/types\/page"}],"author":[{"embeddable":true,"href":"http:\/\/atze.de\/index.php?rest_route=\/wp\/v2\/users\/1"}],"replies":[{"embeddable":true,"href":"http:\/\/atze.de\/index.php?rest_route=%2Fwp%2Fv2%2Fcomments&post=394"}],"version-history":[{"count":2,"href":"http:\/\/atze.de\/index.php?rest_route=\/wp\/v2\/pages\/394\/revisions"}],"predecessor-version":[{"id":412,"href":"http:\/\/atze.de\/index.php?rest_route=\/wp\/v2\/pages\/394\/revisions\/412"}],"wp:attachment":[{"href":"http:\/\/atze.de\/index.php?rest_route=%2Fwp%2Fv2%2Fmedia&parent=394"}],"curies":[{"name":"wp","href":"https:\/\/api.w.org\/{rel}","templated":true}]}}