{"id":811,"date":"2020-10-06T21:11:36","date_gmt":"2020-10-06T21:11:36","guid":{"rendered":"http:\/\/atze.de\/?page_id=811"},"modified":"2020-10-06T21:49:09","modified_gmt":"2020-10-06T21:49:09","slug":"manche-menschen","status":"publish","type":"page","link":"http:\/\/atze.de\/?page_id=811","title":{"rendered":"Manche Menschen"},"content":{"rendered":"\n<p>Manche Menschen wissen nicht,<br>wie wichtig es ist, da\u00df sie da sind.<\/p>\n\n\n\n<p>Manche Menschen wissen nicht,<br>wie gut es ist, sie zu sehen.<\/p>\n\n\n\n<p><br>Manche Menschen wissen nicht,<br>wie tr\u00f6stlich ihr g\u00fctiges L\u00e4cheln wirkt.<\/p>\n\n\n\n<p><br>Manche Menschen wissen nicht,<br>wie wohltuend ihre N\u00e4he ist.<br><\/p>\n\n\n\n<p>Manche Menschen wissen nicht,<br>wieviel \u00e4rmer wir ohne sie w\u00e4ren.<\/p>\n\n\n\n<p><br>Manche Menschen wissen nicht,<br>da\u00df sie ein Geschenk des Himmels sind.<\/p>\n\n\n\n<p><strong><em>Sie w\u00fc\u00dften es,<br>w\u00fcrden wir es ihnen sagen.<\/em><\/strong><\/p>\n\n\n\n<p><\/p>\n\n\n\n<p>[Clemens Kunze]<\/p>\n","protected":false},"excerpt":{"rendered":"<p>Manche Menschen wissen nicht,wie wichtig es ist, da\u00df sie da sind. Manche Menschen wissen nicht,wie gut es ist, sie zu sehen. Manche Menschen wissen nicht,wie tr\u00f6stlich ihr g\u00fctiges L\u00e4cheln wirkt. Manche Menschen wissen nicht,wie wohltuend ihre N\u00e4he ist. Manche Menschen wissen nicht,wieviel \u00e4rmer wir ohne sie w\u00e4ren. Manche Menschen wissen nicht,da\u00df sie ein Geschenk des &hellip; <\/p>\n<p class=\"link-more\"><a href=\"http:\/\/atze.de\/?page_id=811\" class=\"more-link\"><span class=\"screen-reader-text\">\u201eManche Menschen\u201c <\/span>weiterlesen<\/a><\/p>\n","protected":false},"author":1,"featured_media":0,"parent":0,"menu_order":0,"comment_status":"closed","ping_status":"closed","template":"","meta":{"ngg_post_thumbnail":0,"footnotes":""},"class_list":["post-811","page","type-page","status-publish","hentry"],"_links":{"self":[{"href":"http:\/\/atze.de\/index.php?rest_route=\/wp\/v2\/pages\/811","targetHints":{"allow":["GET"]}}],"collection":[{"href":"http:\/\/atze.de\/index.php?rest_route=\/wp\/v2\/pages"}],"about":[{"href":"http:\/\/atze.de\/index.php?rest_route=\/wp\/v2\/types\/page"}],"author":[{"embeddable":true,"href":"http:\/\/atze.de\/index.php?rest_route=\/wp\/v2\/users\/1"}],"replies":[{"embeddable":true,"href":"http:\/\/atze.de\/index.php?rest_route=%2Fwp%2Fv2%2Fcomments&post=811"}],"version-history":[{"count":6,"href":"http:\/\/atze.de\/index.php?rest_route=\/wp\/v2\/pages\/811\/revisions"}],"predecessor-version":[{"id":826,"href":"http:\/\/atze.de\/index.php?rest_route=\/wp\/v2\/pages\/811\/revisions\/826"}],"wp:attachment":[{"href":"http:\/\/atze.de\/index.php?rest_route=%2Fwp%2Fv2%2Fmedia&parent=811"}],"curies":[{"name":"wp","href":"https:\/\/api.w.org\/{rel}","templated":true}]}}