{"id":813,"date":"2020-10-06T21:13:47","date_gmt":"2020-10-06T21:13:47","guid":{"rendered":"http:\/\/atze.de\/?page_id=813"},"modified":"2020-10-06T21:44:48","modified_gmt":"2020-10-06T21:44:48","slug":"ich-kann-nicht-frieden","status":"publish","type":"page","link":"http:\/\/atze.de\/?page_id=813","title":{"rendered":"Ich kann nicht Frieden&#8230;"},"content":{"rendered":"\n<p><strong><em>Ich kann nicht Frieden machen auf der ganzen Welt. Aber ich kann <\/em><\/strong><\/p>\n\n\n\n<p><strong><em>daf\u00fcr sorgen, dass in mir selber Frieden ist. Und ihn weitergeben an <\/em><\/strong><\/p>\n\n\n\n<p><strong><em>meine Kinder, an die Menschen, mit denen ich arbeite, an die, welche <\/em><\/strong><\/p>\n\n\n\n<p><strong><em>ich treffe, zuf\u00e4llig oder nicht zuf\u00e4llig. Das ist meine M\u00f6glichkeit,<\/em><\/strong><\/p>\n\n\n\n<p><strong><em> Frieden auf dieser Welt zu machen.<\/em><\/strong><\/p>\n\n\n\n<p><\/p>\n\n\n\n<p><\/p>\n\n\n\n<p><strong><em>Nicht mehr und nicht weniger.<\/em><\/strong><\/p>\n","protected":false},"excerpt":{"rendered":"<p>Ich kann nicht Frieden machen auf der ganzen Welt. Aber ich kann daf\u00fcr sorgen, dass in mir selber Frieden ist. Und ihn weitergeben an meine Kinder, an die Menschen, mit denen ich arbeite, an die, welche ich treffe, zuf\u00e4llig oder nicht zuf\u00e4llig. Das ist meine M\u00f6glichkeit, Frieden auf dieser Welt zu machen. Nicht mehr und &hellip; <\/p>\n<p class=\"link-more\"><a href=\"http:\/\/atze.de\/?page_id=813\" class=\"more-link\"><span class=\"screen-reader-text\">\u201eIch kann nicht Frieden&#8230;\u201c <\/span>weiterlesen<\/a><\/p>\n","protected":false},"author":1,"featured_media":0,"parent":0,"menu_order":0,"comment_status":"closed","ping_status":"closed","template":"","meta":{"ngg_post_thumbnail":0,"footnotes":""},"class_list":["post-813","page","type-page","status-publish","hentry"],"_links":{"self":[{"href":"http:\/\/atze.de\/index.php?rest_route=\/wp\/v2\/pages\/813","targetHints":{"allow":["GET"]}}],"collection":[{"href":"http:\/\/atze.de\/index.php?rest_route=\/wp\/v2\/pages"}],"about":[{"href":"http:\/\/atze.de\/index.php?rest_route=\/wp\/v2\/types\/page"}],"author":[{"embeddable":true,"href":"http:\/\/atze.de\/index.php?rest_route=\/wp\/v2\/users\/1"}],"replies":[{"embeddable":true,"href":"http:\/\/atze.de\/index.php?rest_route=%2Fwp%2Fv2%2Fcomments&post=813"}],"version-history":[{"count":6,"href":"http:\/\/atze.de\/index.php?rest_route=\/wp\/v2\/pages\/813\/revisions"}],"predecessor-version":[{"id":823,"href":"http:\/\/atze.de\/index.php?rest_route=\/wp\/v2\/pages\/813\/revisions\/823"}],"wp:attachment":[{"href":"http:\/\/atze.de\/index.php?rest_route=%2Fwp%2Fv2%2Fmedia&parent=813"}],"curies":[{"name":"wp","href":"https:\/\/api.w.org\/{rel}","templated":true}]}}